{"id":51,"date":"2022-06-24T07:54:07","date_gmt":"2022-06-24T05:54:07","guid":{"rendered":"http:\/\/passplat.org\/?page_id=51"},"modified":"2022-06-24T13:02:27","modified_gmt":"2022-06-24T11:02:27","slug":"faq","status":"publish","type":"page","link":"https:\/\/passplat.org\/index.php\/faq\/","title":{"rendered":"FAQ"},"content":{"rendered":"<span class=\"mce-ga mce-family-oswald\" style=\"color: #99cc00;\"><span class=\"mce-ga mce-styles-800\">PASSPLAT: l&rsquo;alternative \u00e9cologique et \u00e9conomique aux contenants \u00e0 usage unique !<\/span><\/span> <span style=\"color: #99cc00;\"><\/span>\r\n<h4><\/h4>\r\n<h4><span class=\"mce-ga mce-family-oswald\" style=\"color: #a4c400;\"><span class=\"mce-ga mce-family-oswald\">O\u00f9 puis-je emprunter ou rendre des bo\u00eetes Passplat ?<\/span><\/span><\/h4>\r\nLa liste de nos partenaires est \u00e0 retrouver sur <a href=\"https:\/\/passplat.org\/index.php\/carte\/\">notre carte<\/a>. Elle est mise \u00e0 jour r\u00e9guli\u00e8rement.\r\n\r\n&nbsp;\r\n<h4><span class=\"mce-ga mce-family-oswald\" style=\"color: #a4c400;\"><span class=\"mce-ga mce-family-oswald\">Les bo\u00eetes Passplat sont-elles consign\u00e9es ?<\/span><\/span><\/h4>\r\nOui, afin de s&rsquo;assurer que leurs d\u00e9tenteurs les ram\u00e8nent apr\u00e8s un d\u00e9lai raisonnable.\r\n\r\n&nbsp;\r\n<h4><span class=\"mce-ga mce-family-oswald\" style=\"color: #a4c400;\"><span class=\"mce-ga mce-family-oswald\">D\u2019o\u00f9 viennent les bo\u00eetes Passplat ?<\/span><\/span><\/h4>\r\nCes bo\u00eetes en verre sont fabriqu\u00e9es par ARC, une soci\u00e9t\u00e9 situ\u00e9e dans le nord de la France.\r\n\r\n&nbsp;\r\n<h4><span class=\"mce-ga mce-family-oswald\" style=\"color: #a4c400;\"><span class=\"mce-ga mce-family-oswald\">Y&rsquo;a-t-il assez de bo\u00eetes Passplat pour tout le monde?<\/span><\/span><\/h4>\r\nNous avons un stock d&rsquo;environ 10 000 bo\u00eetes Passplat. Ca suffira pour votre prochain pique-nique?\r\n\r\n&nbsp;\r\n<h4><span class=\"mce-ga mce-family-oswald\" style=\"color: #a4c400;\"><span class=\"mce-ga mce-family-oswald\">Combien de temps peut-on emprunter les bo\u00eetes Passplat ?<\/span><\/span><\/h4>\r\nLe temps que vous voulez, mais nous vous recommandons de les ramener dans un d\u00e9lai d&rsquo;environ 15 jours chez l\u2019un de nos partenaires collecteurs, afin de ne pas les conserver inutilement.\r\n<h4><span class=\"mce-ga mce-family-oswald\" style=\"color: #a4c400;\"><span class=\"mce-ga mce-family-oswald\">Combien de bo\u00eetes Passplat peut-on emprunter simultan\u00e9ment ?<\/span><\/span><\/h4>\r\nUn\u00b7e client\u00b7e peut utiliser simultan\u00e9ment autant de bo\u00eetes qu&rsquo;elle ou il souhaite.\r\n<h4><span class=\"mce-ga mce-family-oswald\" style=\"color: #a4c400;\"><span class=\"mce-ga mce-family-oswald\">Comment sont entretenues les bo\u00eetes Passplat ?<\/span><\/span><\/h4>\r\nLes bo\u00eetes Passplat sont entretenues chez Jeunesse &amp; Habitat, notre prestataire de lavage attitr\u00e9, d\u00e8s qu&rsquo;elles reviennent d&rsquo;un partenaire collecteur.\r\n<h4><span class=\"mce-ga mce-family-oswald\" style=\"color: #a4c400;\"><span class=\"mce-ga mce-family-oswald\">Doit-on laver une bo\u00eete Passplat avant de la rendre chez un collecteur?<\/span><\/span><\/h4>\r\nNul besoin de les laver chez vous, il suffit simplement de les rincer !<!-- \/wp:post-content -->","protected":false},"excerpt":{"rendered":"<p>PASSPLAT: l&rsquo;alternative \u00e9cologique et \u00e9conomique aux contenants \u00e0 usage unique ! O\u00f9 puis-je emprunter ou rendre des bo\u00eetes Passplat ? La liste de nos partenaires est \u00e0 retrouver sur notre carte. Elle est mise \u00e0 jour r\u00e9guli\u00e8rement. &nbsp; Les bo\u00eetes Passplat sont-elles consign\u00e9es ? Oui, afin de s&rsquo;assurer que leurs d\u00e9tenteurs les ram\u00e8nent apr\u00e8s un [&hellip;]<\/p>\n","protected":false},"author":1,"featured_media":0,"parent":0,"menu_order":0,"comment_status":"closed","ping_status":"closed","template":"","meta":{"footnotes":""},"class_list":["post-51","page","type-page","status-publish","hentry"],"_links":{"self":[{"href":"https:\/\/passplat.org\/index.php\/wp-json\/wp\/v2\/pages\/51","targetHints":{"allow":["GET"]}}],"collection":[{"href":"https:\/\/passplat.org\/index.php\/wp-json\/wp\/v2\/pages"}],"about":[{"href":"https:\/\/passplat.org\/index.php\/wp-json\/wp\/v2\/types\/page"}],"author":[{"embeddable":true,"href":"https:\/\/passplat.org\/index.php\/wp-json\/wp\/v2\/users\/1"}],"replies":[{"embeddable":true,"href":"https:\/\/passplat.org\/index.php\/wp-json\/wp\/v2\/comments?post=51"}],"version-history":[{"count":8,"href":"https:\/\/passplat.org\/index.php\/wp-json\/wp\/v2\/pages\/51\/revisions"}],"predecessor-version":[{"id":100,"href":"https:\/\/passplat.org\/index.php\/wp-json\/wp\/v2\/pages\/51\/revisions\/100"}],"wp:attachment":[{"href":"https:\/\/passplat.org\/index.php\/wp-json\/wp\/v2\/media?parent=51"}],"curies":[{"name":"wp","href":"https:\/\/api.w.org\/{rel}","templated":true}]}}