{"id":44,"date":"2022-06-24T07:51:05","date_gmt":"2022-06-24T05:51:05","guid":{"rendered":"http:\/\/passplat.org\/?page_id=44"},"modified":"2022-11-17T10:01:17","modified_gmt":"2022-11-17T09:01:17","slug":"fonctionnement","status":"publish","type":"page","link":"https:\/\/passplat.org\/index.php\/fonctionnement\/","title":{"rendered":"Fonctionnement"},"content":{"rendered":"\r\n<p><span class=\"mce-ga mce-family-oswald\" style=\"color: #99cc00;\"><span class=\"mce-ga mce-styles-800\">Le mien, le tien, le n\u00f4tre: <\/span><\/span><span class=\"mce-ga mce-family-oswald\" style=\"color: #99cc00;\"><span class=\"mce-ga mce-styles-800\">PASSPLAT!<\/span><\/span> <span style=\"color: #99cc00;\"><\/span> \u00a0 \u00a0<\/p>\r\n<p>&nbsp;<\/p>\r\n<h4><span class=\"mce-ga mce-family-oswald\" style=\"color: #a4c400;\"><span class=\"mce-ga mce-family-oswald\"> <img loading=\"lazy\" decoding=\"async\" class=\"alignleft wp-image-134\" src=\"http:\/\/passplat.org\/wp-content\/uploads\/2022\/06\/bouton-question-240x300.png\" alt=\"\" width=\"100\" height=\"125\" srcset=\"https:\/\/passplat.org\/wp-content\/uploads\/2022\/06\/bouton-question-240x300.png 240w, https:\/\/passplat.org\/wp-content\/uploads\/2022\/06\/bouton-question.png 338w\" sizes=\"auto, (max-width: 100px) 100vw, 100px\" \/>Une bo\u00eete en verre consign\u00e9e, pourquoi faire?<\/span><\/span><\/h4>\r\n<p><span style=\"font-family: Oswald, sans-serif;\"><strong>Le verre est une mati\u00e8re saine recyclable quasiment \u00e0 100% et \u00e0 l&rsquo;infini<\/strong>. L&rsquo;utilisation d&rsquo;<\/span><span style=\"font-family: Oswald, sans-serif;\">une bo\u00eete en verre Passplat\u00a0 est moins impactante pour l&rsquo;environnement que <\/span><span style=\"font-family: Oswald, sans-serif;\">celle d&rsquo;un contenant alimentaire jetable, recyclable ou compostable, gr\u00e2ce \u00e0 sa capacit\u00e9 \u00e0 \u00eatre r\u00e9utilis\u00e9e plusieurs fois. C&rsquo;est pour encourager ses utilisateurs \u00e0 la rapporter apr\u00e8s usage, et ainsi en tirer le plus grand b\u00e9n\u00e9fice environnemental, que nous la consignons.\u00a0<\/span><\/p>\r\n<p>&nbsp;<\/p>\r\n<p>&nbsp;<\/p>\r\n<hr \/>\r\n<h4><span style=\"color: #a4c400;\"><span class=\"mce-ga mce-family-oswald\"><img loading=\"lazy\" decoding=\"async\" class=\"alignleft wp-image-133\" src=\"http:\/\/passplat.org\/wp-content\/uploads\/2022\/06\/bouton-avantages-230x300.png\" alt=\"\" width=\"100\" height=\"130\" srcset=\"https:\/\/passplat.org\/wp-content\/uploads\/2022\/06\/bouton-avantages-230x300.png 230w, https:\/\/passplat.org\/wp-content\/uploads\/2022\/06\/bouton-avantages.png 324w\" sizes=\"auto, (max-width: 100px) 100vw, 100px\" \/>Avantages<\/span><\/span><\/h4>\r\n<p><span class=\"mce-ga mce-family-oswald\">Plut\u00f4t que d&rsquo;acheter un droit de propri\u00e9t\u00e9 sur un contenant alimentaire \u00e0 usage unique, nous sommes convaincus qu&rsquo;il est pr\u00e9f\u00e9rable d&rsquo;acqu\u00e9rir <strong>un droit d&rsquo;usage sur un objet mutualis\u00e9 r\u00e9employable<\/strong>. C&rsquo;est \u00e7a, la nouvelle \u00e9conomie de la fonctionnalit\u00e9!<\/span><\/p>\r\n<p>&nbsp;<\/p>\r\n<p>&nbsp;<\/p>\r\n<p>&nbsp;<\/p>\r\n<hr \/>\r\n<h4><span style=\"color: #a4c400;\"><span class=\"mce-ga mce-family-oswald\"><img loading=\"lazy\" decoding=\"async\" class=\"alignleft wp-image-135\" src=\"http:\/\/passplat.org\/wp-content\/uploads\/2022\/06\/bouton-reemploi-300x287.png\" alt=\"\" width=\"100\" height=\"96\" srcset=\"https:\/\/passplat.org\/wp-content\/uploads\/2022\/06\/bouton-reemploi-300x287.png 300w, https:\/\/passplat.org\/wp-content\/uploads\/2022\/06\/bouton-reemploi.png 441w\" sizes=\"auto, (max-width: 100px) 100vw, 100px\" \/>Comment \u00e7a marche ?<\/span><\/span><\/h4>\r\n<p><span class=\"mce-ga mce-family-oswald\">Le client commande un plat \u00e0 emporter conditionn\u00e9 dans une bo\u00eete Passplat chez l&rsquo;un de nos <strong>diffuseurs<\/strong> (restaurateur ou traiteur). Il verse une consigne ou un jeton Passplat qu&rsquo;il r\u00e9cup\u00e8re en rendant la bo\u00eete chez un <strong>collecteur<\/strong>. Les bo\u00eetes sont transf\u00e9r\u00e9es <strong>chez un laveur professionnel, <\/strong>reconditionn\u00e9es puis livr\u00e9es par un <strong>transporteur<\/strong> chez un diffuseur. Un nouveau cycle de r\u00e9emploi peut commencer!\u00a0<\/span><\/p>\r\n<p>&nbsp;<\/p>\r\n<p><img loading=\"lazy\" decoding=\"async\" class=\"alignnone wp-image-180 size-full\" src=\"http:\/\/passplat.org\/wp-content\/uploads\/2022\/06\/cycle-2-e1656595816718.png\" alt=\"\" width=\"968\" height=\"810\" srcset=\"https:\/\/passplat.org\/wp-content\/uploads\/2022\/06\/cycle-2-e1656595816718.png 968w, https:\/\/passplat.org\/wp-content\/uploads\/2022\/06\/cycle-2-e1656595816718-300x251.png 300w, https:\/\/passplat.org\/wp-content\/uploads\/2022\/06\/cycle-2-e1656595816718-768x643.png 768w\" sizes=\"auto, (max-width: 968px) 100vw, 968px\" \/><\/p>\r\n<p>&nbsp;<\/p>\r\n<p>&nbsp;<\/p>","protected":false},"excerpt":{"rendered":"<p>Le mien, le tien, le n\u00f4tre: PASSPLAT! \u00a0 \u00a0 &nbsp; Une bo\u00eete en verre consign\u00e9e, pourquoi faire? Le verre est une mati\u00e8re saine recyclable quasiment \u00e0 100% et \u00e0 l&rsquo;infini. L&rsquo;utilisation d&rsquo;une bo\u00eete en verre Passplat\u00a0 est moins impactante pour l&rsquo;environnement que celle d&rsquo;un contenant alimentaire jetable, recyclable ou compostable, gr\u00e2ce \u00e0 sa capacit\u00e9 \u00e0 [&hellip;]<\/p>\n","protected":false},"author":1,"featured_media":0,"parent":0,"menu_order":0,"comment_status":"closed","ping_status":"closed","template":"","meta":{"footnotes":""},"class_list":["post-44","page","type-page","status-publish","hentry"],"_links":{"self":[{"href":"https:\/\/passplat.org\/index.php\/wp-json\/wp\/v2\/pages\/44","targetHints":{"allow":["GET"]}}],"collection":[{"href":"https:\/\/passplat.org\/index.php\/wp-json\/wp\/v2\/pages"}],"about":[{"href":"https:\/\/passplat.org\/index.php\/wp-json\/wp\/v2\/types\/page"}],"author":[{"embeddable":true,"href":"https:\/\/passplat.org\/index.php\/wp-json\/wp\/v2\/users\/1"}],"replies":[{"embeddable":true,"href":"https:\/\/passplat.org\/index.php\/wp-json\/wp\/v2\/comments?post=44"}],"version-history":[{"count":18,"href":"https:\/\/passplat.org\/index.php\/wp-json\/wp\/v2\/pages\/44\/revisions"}],"predecessor-version":[{"id":250,"href":"https:\/\/passplat.org\/index.php\/wp-json\/wp\/v2\/pages\/44\/revisions\/250"}],"wp:attachment":[{"href":"https:\/\/passplat.org\/index.php\/wp-json\/wp\/v2\/media?parent=44"}],"curies":[{"name":"wp","href":"https:\/\/api.w.org\/{rel}","templated":true}]}}